{"id":6,"date":"2016-03-16T10:02:35","date_gmt":"2016-03-16T10:02:35","guid":{"rendered":"http:\/\/onelifewp.local\/?page_id=6"},"modified":"2023-10-03T19:43:28","modified_gmt":"2023-10-03T19:43:28","slug":"uber-uns","status":"publish","type":"page","link":"https:\/\/glow-eu.com\/de\/uber-uns\/","title":{"rendered":"\u00dcber uns"},"content":{"rendered":"<section class=\"wpb-content-wrapper\"><div class=\"vc_row wpb_row vc_row-fluid\"><div class=\"wpb_column vc_column_container vc_col-sm-12\"><div class=\"vc_column-inner \"><div class=\"wpb_wrapper\"><div class=\"vc_empty_space\"   style=\"height: 10px\"><span class=\"vc_empty_space_inner\"><\/span><\/div>\n\t<div class=\"wpb_text_column wpb_content_element  aligncenter\" >\n\t\t<div class=\"wpb_wrapper\">\n\t\t\t<div class='dt-sc-small-separator '><\/div>\n<h2>\u00dcber uns<\/h2>\n<div class='dt-sc-clear '> <\/div>\n\n\t\t<\/div>\n\t<\/div>\n<div class=\"vc_empty_space\"   style=\"height: 30px\"><span class=\"vc_empty_space_inner\"><\/span><\/div><\/div><\/div><\/div><\/div><div class=\"vc_row wpb_row vc_row-fluid\"><div class=\"wpb_column vc_column_container vc_col-sm-12 vc_col-has-fill\"><div class=\"vc_column-inner vc_custom_1461824249621\"><div class=\"wpb_wrapper\">\n\t<div class=\"wpb_text_column wpb_content_element \" >\n\t\t<div class=\"wpb_wrapper\">\n\t\t\t<p>Willkommen bei Glow Medicare: Ihrer f\u00fchrenden medizinischen und \u00e4sthetischen Klinik in Wien, \u00d6sterreich.<\/p>\n<p>Bei Glow Medicare sind wir darauf spezialisiert, Ihnen zu helfen, sich bestm\u00f6glich zu f\u00fchlen und auszusehen. Unsere Klinik bietet ein umfassendes Spektrum an medizinischen und \u00e4sthetischen Dienstleistungen, die auf Ihre individuellen Bed\u00fcrfnisse zugeschnitten sind. Mit einem Team hochqualifizierter und erfahrener Fachkr\u00e4fte, modernster Einrichtungen und dem Engagement, au\u00dfergew\u00f6hnliche Versorgung zu bieten, streben wir danach, Ihre Erwartungen zu \u00fcbertreffen.<\/p>\n<p>Unsere angebotenen Dienstleistungen umfassen:<\/p>\n<p>Bariatrische Chirurgie: Erreichen Sie langfristigen Gewichtsverlust und verbessern Sie Ihre allgemeine Gesundheit mit unseren fortschrittlichen bariatrischen chirurgischen Verfahren. Unsere erfahrenen Chirurgen begleiten Sie durch jeden Schritt der Reise und gew\u00e4hrleisten Sicherheit, Komfort und erfolgreiche Ergebnisse.<\/p>\n<p>Haartransplantation: Stellen Sie Ihren Haaransatz wieder her und gewinnen Sie Ihr Selbstvertrauen zur\u00fcck mit unseren modernen Haartransplantationsbehandlungen. Mit den neuesten Techniken bieten wir nat\u00fcrliche und dauerhafte Ergebnisse, die nahezu unsichtbar sind.<\/p>\n<p>Rhinoplastik: Verbessern Sie die Form und Symmetrie Ihrer Nase mit unseren ma\u00dfgeschneiderten Rhinoplastikverfahren. Ob Sie kosmetische Verfeinerungen oder funktionale Verbesserungen w\u00fcnschen, unsere erfahrenen Chirurgen erstellen einen individuellen Behandlungsplan, um Ihre gew\u00fcnschten Ergebnisse zu erzielen.<\/p>\n<p>Zahnmedizin: L\u00e4cheln Sie mit Selbstvertrauen! Unsere zahnmedizinischen Experten bieten eine Vielzahl von Dienstleistungen, einschlie\u00dflich Zahnaufhellung, Zahnimplantaten, Kieferorthop\u00e4die und vielem mehr. Wir legen Wert auf Ihre Mundgesundheit und \u00c4sthetik und bieten sanfte und effektive Behandlungen in einer komfortablen Umgebung.<\/p>\n<p>\u00c4sthetische Behandlungen: Erneuern Sie Ihre Haut und verbessern Sie Ihre nat\u00fcrliche Sch\u00f6nheit mit unserem umfassenden Angebot an nicht-chirurgischen \u00e4sthetischen Behandlungen. Von Botox und Dermal Fillern bis hin zu chemischen Peelings und Lasertherapie helfen Ihnen unsere erfahrenen Fachkr\u00e4fte, ein jugendliches und strahlendes Erscheinungsbild zu erzielen.<\/p>\n<p>\u00c4sthetische Chirurgie: Unsere zertifizierten Fach\u00e4rzte f\u00fcr plastische Chirurgie bieten eine Vielzahl \u00e4sthetischer chirurgischer Eingriffe an, darunter Facelifts, Brustvergr\u00f6\u00dferungen, Fettabsaugungen und K\u00f6rperformung. Wir legen Wert auf Ihre Sicherheit und Zufriedenheit und liefern sch\u00f6ne und nat\u00fcrliche Ergebnisse.<\/p>\n<p>Wir freuen uns darauf, Ihnen zu helfen, Ihre Gesundheits- und Sch\u00f6nheitsziele zu erreichen. Z\u00f6gern Sie nicht, uns zu kontaktieren, um einen Termin zu vereinbaren oder weitere Informationen zu erhalten.<\/p>\n\n\t\t<\/div>\n\t<\/div>\n<\/div><\/div><\/div><\/div>\n<\/section>","protected":false},"excerpt":{"rendered":"\u00dcber uns Willkommen bei Glow Medicare: Ihrer f\u00fchrenden medizinischen und \u00e4sthetischen Klinik in Wien, \u00d6sterreich. Bei Glow Medicare sind wir darauf spezialisiert, Ihnen zu helfen, sich bestm\u00f6glich zu f\u00fchlen und [...]","protected":false},"author":1,"featured_media":0,"parent":0,"menu_order":0,"comment_status":"closed","ping_status":"closed","template":"","meta":{"_monsterinsights_skip_tracking":false,"_monsterinsights_sitenote_active":false,"_monsterinsights_sitenote_note":"","_monsterinsights_sitenote_category":0,"footnotes":""},"class_list":["post-6","page","type-page","status-publish","hentry"],"brizy_media":[],"_links":{"self":[{"href":"https:\/\/glow-eu.com\/de\/wp-json\/wp\/v2\/pages\/6","targetHints":{"allow":["GET"]}}],"collection":[{"href":"https:\/\/glow-eu.com\/de\/wp-json\/wp\/v2\/pages"}],"about":[{"href":"https:\/\/glow-eu.com\/de\/wp-json\/wp\/v2\/types\/page"}],"author":[{"embeddable":true,"href":"https:\/\/glow-eu.com\/de\/wp-json\/wp\/v2\/users\/1"}],"replies":[{"embeddable":true,"href":"https:\/\/glow-eu.com\/de\/wp-json\/wp\/v2\/comments?post=6"}],"version-history":[{"count":13,"href":"https:\/\/glow-eu.com\/de\/wp-json\/wp\/v2\/pages\/6\/revisions"}],"predecessor-version":[{"id":11321,"href":"https:\/\/glow-eu.com\/de\/wp-json\/wp\/v2\/pages\/6\/revisions\/11321"}],"wp:attachment":[{"href":"https:\/\/glow-eu.com\/de\/wp-json\/wp\/v2\/media?parent=6"}],"curies":[{"name":"wp","href":"https:\/\/api.w.org\/{rel}","templated":true}]}}