{"id":10900,"date":"2023-07-13T20:59:31","date_gmt":"2023-07-13T20:59:31","guid":{"rendered":"https:\/\/glow-eu.com\/?page_id=10900"},"modified":"2023-08-23T20:46:12","modified_gmt":"2023-08-23T20:46:12","slug":"termin","status":"publish","type":"page","link":"https:\/\/glow-eu.com\/de\/termin\/","title":{"rendered":"Termin"},"content":{"rendered":"<section class=\"wpb-content-wrapper\"><div  style='overflow: visible; background-position: bottom !important;' data-vc-full-width=\"true\" data-vc-full-width-init=\"false\" class=\"vc_row wpb_row vc_row-fluid white-text appointment-form vc_custom_1689355081084 vc_row-has-fill vc_row-o-content-middle vc_row-flex\"><div class=\"dt-sc-three-fifth wpb_column vc_column_container vc_col-sm-6 vc_hidden-sm vc_hidden-xs\"><div class=\"vc_column-inner \"><div class=\"wpb_wrapper\">\n\t<div  class=\"wpb_single_image wpb_content_element vc_align_center  vc_custom_1689429105840\">\n\t\t\n\t\t<figure class=\"wpb_wrapper vc_figure\">\n\t\t\t<div class=\"vc_single_image-wrapper   vc_box_border_grey\"><img loading=\"lazy\" decoding=\"async\" width=\"690\" height=\"619\" src=\"https:\/\/glow-eu.com\/wp-content\/uploads\/2023\/07\/appointment-banner-img-min.png\" class=\"vc_single_image-img attachment-full\" alt=\"\" title=\"appointment-banner--img-min\" srcset=\"https:\/\/glow-eu.com\/wp-content\/uploads\/2023\/07\/appointment-banner-img-min.png 690w, https:\/\/glow-eu.com\/wp-content\/uploads\/2023\/07\/appointment-banner-img-min-300x269.png 300w, https:\/\/glow-eu.com\/wp-content\/uploads\/2023\/07\/appointment-banner-img-min-13x12.png 13w\" sizes=\"auto, (max-width: 690px) 100vw, 690px\" \/><\/div>\n\t\t<\/figure>\n\t<\/div>\n<\/div><\/div><\/div><div class=\"dt-sc-two-fifth wpb_column vc_column_container vc_col-sm-6\"><div class=\"vc_column-inner \" style=\"float: right;\"><div class=\"wpb_wrapper\"><div class=\"vc_empty_space\"   style=\"height: 30px\"><span class=\"vc_empty_space_inner\"><\/span><\/div>\n\t<div class=\"wpb_text_column wpb_content_element  inherit\" >\n\t\t<div class=\"wpb_wrapper\">\n\t\t\t<div class='dt-sc-small-separator '><\/div><br \/>\nTermin Vereinbaren<br \/>\n<div class='dt-sc-clear '> <\/div>\n\n\t\t<\/div>\n\t<\/div>\n\n<div class=\"wpcf7 no-js\" id=\"wpcf7-f329-o1\" lang=\"en-US\" dir=\"ltr\" data-wpcf7-id=\"329\">\n<div class=\"screen-reader-response\"><p role=\"status\" aria-live=\"polite\" aria-atomic=\"true\"><\/p> <ul><\/ul><\/div>\n<form action=\"\/de\/wp-json\/wp\/v2\/pages\/10900#wpcf7-f329-o1\" method=\"post\" class=\"wpcf7-form init\" aria-label=\"Contact form\" novalidate=\"novalidate\" data-status=\"init\">\n<fieldset class=\"hidden-fields-container\"><input type=\"hidden\" name=\"_wpcf7\" value=\"329\" \/><input type=\"hidden\" name=\"_wpcf7_version\" value=\"6.1.5\" \/><input type=\"hidden\" name=\"_wpcf7_locale\" value=\"en_US\" \/><input type=\"hidden\" name=\"_wpcf7_unit_tag\" value=\"wpcf7-f329-o1\" \/><input type=\"hidden\" name=\"_wpcf7_container_post\" value=\"0\" \/><input type=\"hidden\" name=\"_wpcf7_posted_data_hash\" value=\"\" \/>\n<\/fieldset>\n<div class=\"vc_row wpb_row vc_row-fluid\"><br \/>\n<div class=\"wpb_column vc_column_container vc_col-sm-12\"><div class=\"vc_column-inner \"><div class=\"wpb_wrapper\"><span class=\"wpcf7-form-control-wrap\" data-name=\"firstname\"><input size=\"40\" maxlength=\"400\" class=\"wpcf7-form-control wpcf7-text wpcf7-validates-as-required\" aria-required=\"true\" aria-invalid=\"false\" placeholder=\"Name\" value=\"\" type=\"text\" name=\"firstname\" \/><\/span><\/div><\/div><\/div><div class=\"wpb_column vc_column_container vc_col-sm-12\"><div class=\"vc_column-inner \"><div class=\"wpb_wrapper\"><span class=\"wpcf7-form-control-wrap\" data-name=\"email\"><input size=\"40\" maxlength=\"400\" class=\"wpcf7-form-control wpcf7-text wpcf7-validates-as-required\" aria-required=\"true\" aria-invalid=\"false\" placeholder=\"Email\" value=\"\" type=\"text\" name=\"email\" \/><\/span><\/div><\/div><\/div><div class=\"wpb_column vc_column_container vc_col-sm-12\"><div class=\"vc_column-inner \"><div class=\"wpb_wrapper\"><span class=\"wpcf7-form-control-wrap\" data-name=\"phonumber\"><input size=\"40\" maxlength=\"400\" class=\"wpcf7-form-control wpcf7-tel wpcf7-validates-as-required wpcf7-text wpcf7-validates-as-tel\" aria-required=\"true\" aria-invalid=\"false\" placeholder=\"Telefonnummer\" value=\"\" type=\"tel\" name=\"phonumber\" \/><\/span><\/div><\/div><\/div>\n<div class=\"wpb_column vc_column_container vc_col-sm-12\"><div class=\"vc_column-inner \"><div class=\"wpb_wrapper\"><span class=\"wpcf7-form-control-wrap\" data-name=\"servicetype\"><select class=\"wpcf7-form-control wpcf7-select wpcf7-validates-as-required\" aria-required=\"true\" aria-invalid=\"false\" name=\"servicetype\"><option value=\"Art der Leistung\">Art der Leistung<\/option><option value=\"BARIATRISCHE CHIRURGIE\">BARIATRISCHE CHIRURGIE<\/option><option value=\"Bariatrische Chirurgie\">Bariatrische Chirurgie<\/option><option value=\"Schlauchmagen\">Schlauchmagen<\/option><option value=\"Magenballon\">Magenballon<\/option><option value=\"Magenbypass\">Magenbypass<\/option><option value=\"Magenbotox\">Magenbotox<\/option><option value=\"\"><\/option><option value=\"GESICHTSCHIRURGIE\">GESICHTSCHIRURGIE<\/option><option value=\"Gesichtschirurgie\">Gesichtschirurgie<\/option><option value=\"Rhinoplastik\">Rhinoplastik<\/option><option value=\"Ohrenoperation \u2013 Otoplastik\">Ohrenoperation \u2013 Otoplastik<\/option><option value=\"Augenbrauenlifting\">Augenbrauenlifting<\/option><option value=\"Augenbrauen-transplantation\">Augenbrauen-transplantation<\/option><option value=\"Blepharoplastik-Chirurgie\">Blepharoplastik-Chirurgie<\/option><option value=\"Dimpleplastik\">Dimpleplastik<\/option><option value=\"Wangenknochenlifting-Chirurgie\">Wangenknochenlifting-Chirurgie<\/option><option value=\"Gesichtslifting-Chirurgie\">Gesichtslifting-Chirurgie<\/option><option value=\"Barttransplantation\">Barttransplantation<\/option><option value=\"\"><\/option><option value=\"K\u00d6RPERCHIRURGIE\">K\u00d6RPERCHIRURGIE<\/option><option value=\"DAMEN\">DAMEN<\/option><option value=\"Der \u00e4sthetische K\u00f6rper\">Der \u00e4sthetische K\u00f6rper<\/option><option value=\"Brustvergr\u00f6\u03b2erung\">Brustvergr\u00f6\u03b2erung<\/option><option value=\"Bruststraffung\">Bruststraffung<\/option><option value=\"Brustverkleinerung\">Brustverkleinerung<\/option><option value=\"Brustrekonstruktion\">Brustrekonstruktion<\/option><option value=\"Liposkulptur\">Liposkulptur<\/option><option value=\"Bauchumgestaltung\">Bauchumgestaltung<\/option><option value=\"Armstraffung\">Armstraffung<\/option><option value=\"Oberschenkelstraffung\">Oberschenkelstraffung<\/option><option value=\"Brazilian Butt Lift\">Brazilian Butt Lift<\/option><option value=\"Labiaplastik\">Labiaplastik<\/option><option value=\"\"><\/option><option value=\"HERREN\">HERREN<\/option><option value=\"Muskel\u00e4sthetik\">Muskel\u00e4sthetik<\/option><option value=\"Gyn\u00e4komastie\">Gyn\u00e4komastie<\/option><option value=\"Penisvergr\u00f6Berung\">Penisvergr\u00f6Berung<\/option><option value=\"\"><\/option><option value=\"HAARTRANS-PLANTATION\">HAARTRANS-PLANTATION<\/option><option value=\"Haartransplantation\">Haartransplantation<\/option><option value=\"FUE-Methode\">FUE-Methode<\/option><option value=\"DHI-Methode\">DHI-Methode<\/option><option value=\"Sapphire-Methode\">Sapphire-Methode<\/option><option value=\"Plantng a Beard\">Plantng a Beard<\/option><option value=\"\"><\/option><option value=\"\u00c4STHETISCHE ZAHNHEILKUNDE\">\u00c4STHETISCHE ZAHNHEILKUNDE<\/option><option value=\"\u00c4sthetische Zahnheilkunde\">\u00c4sthetische Zahnheilkunde<\/option><option value=\"Zahnaufhellung\">Zahnaufhellung<\/option><option value=\"Zirkonimplantate und Kronen\">Zirkonimplantate und Kronen<\/option><option value=\"Porzellanimplantate und Kronen\">Porzellanimplantate und Kronen<\/option><option value=\"Bildung von Zahnmark\">Bildung von Zahnmark<\/option><option value=\"Kieferorthop\u00e4die\">Kieferorthop\u00e4die<\/option><\/select><\/span><br \/>\n<\/div><\/div><\/div><div class=\"vc_empty_space\"   style=\"height: 2px\"><span class=\"vc_empty_space_inner\"><\/span><\/div><div class=\"wpb_column vc_column_container vc_col-sm-12\"><div class=\"vc_column-inner \"><div class=\"wpb_wrapper\">\n<\/p>\n<p><\/div><\/div><\/div><div class=\"vc_empty_space\"   style=\"height: 2px\"><span class=\"vc_empty_space_inner\"><\/span><\/div><div class=\"wpb_column vc_column_container vc_col-sm-12\"><div class=\"vc_column-inner \"><div class=\"wpb_wrapper\"><span class=\"wpcf7-form-control-wrap\" data-name=\"date\"><input class=\"wpcf7-form-control wpcf7-date wpcf7-validates-as-required wpcf7-validates-as-date\" aria-required=\"true\" aria-invalid=\"false\" placeholder=\"Available on - Yyyy-Mm-Dd\" value=\"\" type=\"date\" name=\"date\" \/><\/span><\/div><\/div><\/div><div class=\"vc_empty_space\"   style=\"height: 2px\"><span class=\"vc_empty_space_inner\"><\/span><\/div><div class=\"wpb_column vc_column_container vc_col-sm-6\"><div class=\"vc_column-inner \"><div class=\"wpb_wrapper\"><span class=\"wpcf7-form-control-wrap\" data-name=\"start-time\"><select class=\"wpcf7-form-control wpcf7-select start-time\" aria-invalid=\"false\" name=\"start-time\"><option value=\"Von\">Von<\/option><option value=\"8:00 am\">8:00 am<\/option><option value=\"9:00 am\">9:00 am<\/option><option value=\"10:00 am\">10:00 am<\/option><option value=\"11:00 am\">11:00 am<\/option><option value=\"12:00 pm\">12:00 pm<\/option><option value=\"1:00 pm\">1:00 pm<\/option><option value=\"2:00 pm\">2:00 pm<\/option><option value=\"3:00 pm\">3:00 pm<\/option><option value=\"4:00 pm\">4:00 pm<\/option><option value=\"5:00 pm\">5:00 pm<\/option><option value=\"6:00 pm\">6:00 pm<\/option><option value=\"7:00 pm\">7:00 pm<\/option><option value=\"8:00 pm\">8:00 pm<\/option><option value=\"9:00 pm\">9:00 pm<\/option><option value=\"10:00 pm\">10:00 pm<\/option><option value=\"11:00 pm\">11:00 pm<\/option><\/select><\/span><\/div><\/div><\/div><div class=\"wpb_column vc_column_container vc_col-sm-6\"><div class=\"vc_column-inner \"><div class=\"wpb_wrapper\"><span class=\"wpcf7-form-control-wrap\" data-name=\"end-time\"><select class=\"wpcf7-form-control wpcf7-select end-time\" aria-invalid=\"false\" name=\"end-time\"><option value=\"Bis\">Bis<\/option><option value=\"8:00 am\">8:00 am<\/option><option value=\"9:00 am\">9:00 am<\/option><option value=\"10:00 am\">10:00 am<\/option><option value=\"11:00 am\">11:00 am<\/option><option value=\"12:00 pm\">12:00 pm<\/option><option value=\"1:00 pm\">1:00 pm<\/option><option value=\"2:00 pm\">2:00 pm<\/option><option value=\"3:00 pm\">3:00 pm<\/option><option value=\"4:00 pm\">4:00 pm<\/option><option value=\"5:00 pm\">5:00 pm<\/option><option value=\"6:00 pm\">6:00 pm<\/option><option value=\"7:00 pm\">7:00 pm<\/option><option value=\"8:00 pm\">8:00 pm<\/option><option value=\"9:00 pm\">9:00 pm<\/option><option value=\"10:00 pm\">10:00 pm<\/option><option value=\"11:00 pm\">11:00 pm<\/option><\/select><\/span><\/div><\/div><\/div><div class=\"vc_empty_space\"   style=\"height: 2px\"><span class=\"vc_empty_space_inner\"><\/span><\/div><div class=\"wpb_column vc_column_container vc_col-sm-12\"><div class=\"vc_column-inner \"><div class=\"wpb_wrapper\"><input class=\"wpcf7-form-control wpcf7-submit has-spinner\" type=\"submit\" value=\"Termin vereinbaren\" \/><\/div><\/div><\/div><\/div><div class=\"wpcf7-response-output\" aria-hidden=\"true\"><\/div>\n<\/form>\n<\/div>\n<\/div><\/div><\/div><\/div><div class=\"vc_row-full-width vc_clearfix\"><\/div><div data-vc-full-width=\"true\" data-vc-full-width-init=\"false\" data-vc-parallax=\"1.5\" data-vc-parallax-image=\"https:\/\/glow-eu.com\/wp-content\/uploads\/2016\/03\/parallax-1.png\" class=\"vc_row wpb_row vc_row-fluid white-text vc_custom_1465818340669 vc_row-has-fill vc_row-o-content-middle vc_row-flex vc_general vc_parallax vc_parallax-content-moving\"><\/div><div class=\"vc_row-full-width vc_clearfix\"><\/div><div class=\"wpb_column vc_column_container vc_col-sm-12\"><div class=\"vc_column-inner vc_custom_1458216125464\"><div class=\"wpb_wrapper\"><\/div><\/div><\/div><div data-vc-full-width=\"true\" data-vc-full-width-init=\"false\" data-vc-stretch-content=\"true\" class=\"vc_row wpb_row vc_row-fluid vc_row-no-padding\"><div class=\"wpb_column vc_column_container vc_col-sm-12\"><div class=\"vc_column-inner \"><div class=\"wpb_wrapper\"><div class=\"wpb_gmaps_widget wpb_content_element\"><div class=\"wpb_wrapper\"><div class=\"wpb_map_wraper\"><iframe loading=\"lazy\" src=\"https:\/\/www.google.com\/maps\/embed?pb=!1m18!1m12!1m3!1d2659.503178585286!2d16.337649199999998!3d48.1969232!2m3!1f0!2f0!3f0!3m2!1i1024!2i768!4f13.1!3m3!1m2!1s0x476d07f54746e563%3A0x7a8c58b4cab4af55!2sRegus%20-%20Vienna%20Westbahnhof!5e0!3m2!1sde!2sat!4v1688803436262!5m2!1sde!2sat\" width=\"100%\" height=\"600\" frameborder=\"0\" style=\"border:0\" allowfullscreen><\/iframe><\/div><\/div><\/div><\/div><\/div><\/div><\/div><div class=\"vc_row-full-width vc_clearfix\"><\/div>\n<\/section>","protected":false},"excerpt":{"rendered":"Termin Vereinbaren Art der LeistungBARIATRISCHE CHIRURGIEBariatrische ChirurgieSchlauchmagenMagenballonMagenbypassMagenbotoxGESICHTSCHIRURGIEGesichtschirurgieRhinoplastikOhrenoperation \u2013 OtoplastikAugenbrauenliftingAugenbrauen-transplantationBlepharoplastik-ChirurgieDimpleplastikWangenknochenlifting-ChirurgieGesichtslifting-ChirurgieBarttransplantationK\u00d6RPERCHIRURGIEDAMENDer \u00e4sthetische K\u00f6rperBrustvergr\u00f6\u03b2erungBruststraffungBrustverkleinerungBrustrekonstruktionLiposkulpturBauchumgestaltungArmstraffungOberschenkelstraffungBrazilian Butt LiftLabiaplastikHERRENMuskel\u00e4sthetikGyn\u00e4komastiePenisvergr\u00f6BerungHAARTRANS-PLANTATIONHaartransplantationFUE-MethodeDHI-MethodeSapphire-MethodePlantng a Beard\u00c4STHETISCHE ZAHNHEILKUNDE\u00c4sthetische ZahnheilkundeZahnaufhellungZirkonimplantate und KronenPorzellanimplantate und KronenBildung von ZahnmarkKieferorthop\u00e4die Von8:00 am9:00 am10:00 am11:00 am12:00 pm1:00 pm2:00 [...]","protected":false},"author":1,"featured_media":0,"parent":0,"menu_order":0,"comment_status":"closed","ping_status":"closed","template":"brizy-blank-template.php","meta":{"_monsterinsights_skip_tracking":false,"_monsterinsights_sitenote_active":false,"_monsterinsights_sitenote_note":"","_monsterinsights_sitenote_category":0,"footnotes":""},"class_list":["post-10900","page","type-page","status-publish","hentry"],"brizy_media":[],"_links":{"self":[{"href":"https:\/\/glow-eu.com\/de\/wp-json\/wp\/v2\/pages\/10900","targetHints":{"allow":["GET"]}}],"collection":[{"href":"https:\/\/glow-eu.com\/de\/wp-json\/wp\/v2\/pages"}],"about":[{"href":"https:\/\/glow-eu.com\/de\/wp-json\/wp\/v2\/types\/page"}],"author":[{"embeddable":true,"href":"https:\/\/glow-eu.com\/de\/wp-json\/wp\/v2\/users\/1"}],"replies":[{"embeddable":true,"href":"https:\/\/glow-eu.com\/de\/wp-json\/wp\/v2\/comments?post=10900"}],"version-history":[{"count":18,"href":"https:\/\/glow-eu.com\/de\/wp-json\/wp\/v2\/pages\/10900\/revisions"}],"predecessor-version":[{"id":11271,"href":"https:\/\/glow-eu.com\/de\/wp-json\/wp\/v2\/pages\/10900\/revisions\/11271"}],"wp:attachment":[{"href":"https:\/\/glow-eu.com\/de\/wp-json\/wp\/v2\/media?parent=10900"}],"curies":[{"name":"wp","href":"https:\/\/api.w.org\/{rel}","templated":true}]}}